{"id":869,"date":"2026-02-15T18:36:58","date_gmt":"2026-02-15T18:36:58","guid":{"rendered":"https:\/\/sh.zr-solution.com\/produit\/%d9%85%d9%84%d8%a7%d9%82%d8%b7-%d8%aa%d8%ae%d8%b7%d9%8a%d8%b7-%d8%a7%d9%84%d9%82%d9%84%d8%a8-%d8%a7%d9%84%d9%83%d9%87%d8%b1%d8%a8%d8%a7%d8%a6%d9%8a-%d9%84%d9%84%d8%a8%d8%a7%d9%84%d8%ba%d9%8a%d9%86\/"},"modified":"2026-03-04T14:40:39","modified_gmt":"2026-03-04T14:40:39","slug":"%d9%85%d9%84%d8%a7%d9%82%d8%b7-%d8%aa%d8%ae%d8%b7%d9%8a%d8%b7-%d8%a7%d9%84%d9%82%d9%84%d8%a8-%d8%a7%d9%84%d9%83%d9%87%d8%b1%d8%a8%d8%a7%d8%a6%d9%8a-%d9%84%d9%84%d8%a8%d8%a7%d9%84%d8%ba%d9%8a%d9%86","status":"publish","type":"product","link":"https:\/\/dzshifae.com\/fr\/produit\/%d9%85%d9%84%d8%a7%d9%82%d8%b7-%d8%aa%d8%ae%d8%b7%d9%8a%d8%b7-%d8%a7%d9%84%d9%82%d9%84%d8%a8-%d8%a7%d9%84%d9%83%d9%87%d8%b1%d8%a8%d8%a7%d8%a6%d9%8a-%d9%84%d9%84%d8%a8%d8%a7%d9%84%d8%ba%d9%8a%d9%86\/","title":{"rendered":"Pincette ECG Adulte Jeu De 04 Marque Starcare"},"content":{"rendered":"<p>Les pinces ECG pour adultes de la marque Starcare sont des accessoires essentiels pour l\u2019enregistrement pr\u00e9cis des signaux \u00e9lectriques cardiaques. Ce jeu de 4 pinces garantit une connexion stable et fiable entre le patient et l\u2019appareil ECG, offrant ainsi des mesures pr\u00e9cises pour un diagnostic m\u00e9dical optimal. Fabriqu\u00e9es avec des mat\u00e9riaux de haute qualit\u00e9, ces pinces sont durables et faciles \u00e0 nettoyer, assurant une utilisation s\u00fbre et hygi\u00e9nique. Les pinces ECG adultes Starcare sont un choix de confiance pour les professionnels \u00e0 la recherche de pr\u00e9cision et de fiabilit\u00e9 dans leurs pratiques m\u00e9dicales.<\/p>\n","protected":false},"excerpt":{"rendered":"<p>Les pinces ECG pour adultes de la marque Starcare sont des accessoires essentiels pour l\u2019enregistrement pr\u00e9cis des signaux \u00e9lectriques cardiaques. Ce jeu de 4 pinces garantit une connexion stable et fiable entre le patient et l\u2019appareil ECG, offrant ainsi des mesures pr\u00e9cises pour un diagnostic m\u00e9dical optimal. Fabriqu\u00e9es avec des mat\u00e9riaux de haute qualit\u00e9, ces [&hellip;]<\/p>\n","protected":false},"featured_media":782,"comment_status":"open","ping_status":"closed","template":"","meta":[],"product_brand":[],"product_cat":[42],"product_tag":[],"class_list":{"0":"post-869","1":"product","2":"type-product","3":"status-publish","4":"has-post-thumbnail","6":"product_cat-consommables","8":"first","9":"instock","10":"shipping-taxable","11":"purchasable","12":"product-type-simple"},"_links":{"self":[{"href":"https:\/\/dzshifae.com\/fr\/wp-json\/wp\/v2\/product\/869","targetHints":{"allow":["GET"]}}],"collection":[{"href":"https:\/\/dzshifae.com\/fr\/wp-json\/wp\/v2\/product"}],"about":[{"href":"https:\/\/dzshifae.com\/fr\/wp-json\/wp\/v2\/types\/product"}],"replies":[{"embeddable":true,"href":"https:\/\/dzshifae.com\/fr\/wp-json\/wp\/v2\/comments?post=869"}],"wp:featuredmedia":[{"embeddable":true,"href":"https:\/\/dzshifae.com\/fr\/wp-json\/wp\/v2\/media\/782"}],"wp:attachment":[{"href":"https:\/\/dzshifae.com\/fr\/wp-json\/wp\/v2\/media?parent=869"}],"wp:term":[{"taxonomy":"product_brand","embeddable":true,"href":"https:\/\/dzshifae.com\/fr\/wp-json\/wp\/v2\/product_brand?post=869"},{"taxonomy":"product_cat","embeddable":true,"href":"https:\/\/dzshifae.com\/fr\/wp-json\/wp\/v2\/product_cat?post=869"},{"taxonomy":"product_tag","embeddable":true,"href":"https:\/\/dzshifae.com\/fr\/wp-json\/wp\/v2\/product_tag?post=869"}],"curies":[{"name":"wp","href":"https:\/\/api.w.org\/{rel}","templated":true}]}}