{"id":864,"date":"2026-02-15T18:40:20","date_gmt":"2026-02-15T18:40:20","guid":{"rendered":"https:\/\/sh.zr-solution.com\/produit\/%d8%b5%d9%86%d8%af%d9%88%d9%82-%d9%82%d9%8a%d8%a7%d8%b3-%d9%85%d8%ad%d9%8a%d8%b7-%d8%a7%d9%84%d8%ac%d8%b3%d9%85-%d9%85%d9%86-%d8%b3%d8%aa%d8%a7%d8%b1-%d9%83%d9%8a%d8%b1\/"},"modified":"2026-03-04T14:32:03","modified_gmt":"2026-03-04T14:32:03","slug":"%d8%b5%d9%86%d8%af%d9%88%d9%82-%d9%82%d9%8a%d8%a7%d8%b3-%d9%85%d8%ad%d9%8a%d8%b7-%d8%a7%d9%84%d8%ac%d8%b3%d9%85-%d9%85%d9%86-%d8%b3%d8%aa%d8%a7%d8%b1-%d9%83%d9%8a%d8%b1","status":"publish","type":"product","link":"https:\/\/dzshifae.com\/fr\/produit\/%d8%b5%d9%86%d8%af%d9%88%d9%82-%d9%82%d9%8a%d8%a7%d8%b3-%d9%85%d8%ad%d9%8a%d8%b7-%d8%a7%d9%84%d8%ac%d8%b3%d9%85-%d9%85%d9%86-%d8%b3%d8%aa%d8%a7%d8%b1-%d9%83%d9%8a%d8%b1\/","title":{"rendered":"Metre Ruban P\u00e9ri M\u00e9trique Star Care"},"content":{"rendered":"<p>Le m\u00e8tre ruban p\u00e9rim\u00e9trique Star Care est un dispositif de mesure pratique et pr\u00e9cis pour \u00e9valuer diff\u00e9rentes parties du corps humain. Avec son bo\u00eetier compact en ABS et son ruban en plastique souple de 2000 mm, il offre des mesures fiables et faciles \u00e0 lire. Son design ergonomique et sa couleur blanche en font un outil discret et professionnel. Avec un poids net de 52 g, ce m\u00e8tre ruban est l\u00e9ger et facile \u00e0 transporter pour une utilisation quotidienne. Pr\u00e9cis, l\u00e9ger et durable, le m\u00e8tre ruban p\u00e9rim\u00e9trique Star Care est l\u2019outil id\u00e9al pour les professionnels de la sant\u00e9 \u00e0 la recherche de pr\u00e9cision et de qualit\u00e9.<\/p>\n","protected":false},"excerpt":{"rendered":"<p>Le m\u00e8tre ruban p\u00e9rim\u00e9trique Star Care est un dispositif de mesure pratique et pr\u00e9cis pour \u00e9valuer diff\u00e9rentes parties du corps humain. Avec son bo\u00eetier compact en ABS et son ruban en plastique souple de 2000 mm, il offre des mesures fiables et faciles \u00e0 lire. Son design ergonomique et sa couleur blanche en font un [&hellip;]<\/p>\n","protected":false},"featured_media":865,"comment_status":"open","ping_status":"closed","template":"","meta":[],"product_brand":[],"product_cat":[42],"product_tag":[],"class_list":{"0":"post-864","1":"product","2":"type-product","3":"status-publish","4":"has-post-thumbnail","6":"product_cat-consommables","8":"first","9":"instock","10":"shipping-taxable","11":"purchasable","12":"product-type-simple"},"_links":{"self":[{"href":"https:\/\/dzshifae.com\/fr\/wp-json\/wp\/v2\/product\/864","targetHints":{"allow":["GET"]}}],"collection":[{"href":"https:\/\/dzshifae.com\/fr\/wp-json\/wp\/v2\/product"}],"about":[{"href":"https:\/\/dzshifae.com\/fr\/wp-json\/wp\/v2\/types\/product"}],"replies":[{"embeddable":true,"href":"https:\/\/dzshifae.com\/fr\/wp-json\/wp\/v2\/comments?post=864"}],"wp:featuredmedia":[{"embeddable":true,"href":"https:\/\/dzshifae.com\/fr\/wp-json\/wp\/v2\/media\/865"}],"wp:attachment":[{"href":"https:\/\/dzshifae.com\/fr\/wp-json\/wp\/v2\/media?parent=864"}],"wp:term":[{"taxonomy":"product_brand","embeddable":true,"href":"https:\/\/dzshifae.com\/fr\/wp-json\/wp\/v2\/product_brand?post=864"},{"taxonomy":"product_cat","embeddable":true,"href":"https:\/\/dzshifae.com\/fr\/wp-json\/wp\/v2\/product_cat?post=864"},{"taxonomy":"product_tag","embeddable":true,"href":"https:\/\/dzshifae.com\/fr\/wp-json\/wp\/v2\/product_tag?post=864"}],"curies":[{"name":"wp","href":"https:\/\/api.w.org\/{rel}","templated":true}]}}