{"id":859,"date":"2026-02-15T18:43:35","date_gmt":"2026-02-15T18:43:35","guid":{"rendered":"https:\/\/sh.zr-solution.com\/produit\/%d9%83%d8%a7%d8%a8%d9%84-%d8%aa%d8%ae%d8%b7%d9%8a%d8%b7-%d8%a7%d9%84%d9%82%d9%84%d8%a8-%d8%a7%d9%84%d9%83%d9%87%d8%b1%d8%a8%d8%a7%d8%a6%d9%8a-%d9%84%d9%84%d9%85%d8%b1%d9%8a%d8%b6-%d9%85%d9%86-%d8%b3\/"},"modified":"2026-03-04T14:25:16","modified_gmt":"2026-03-04T14:25:16","slug":"%d9%83%d8%a7%d8%a8%d9%84-%d8%aa%d8%ae%d8%b7%d9%8a%d8%b7-%d8%a7%d9%84%d9%82%d9%84%d8%a8-%d8%a7%d9%84%d9%83%d9%87%d8%b1%d8%a8%d8%a7%d8%a6%d9%8a-%d9%84%d9%84%d9%85%d8%b1%d9%8a%d8%b6-%d9%85%d9%86-%d8%b3","status":"publish","type":"product","link":"https:\/\/dzshifae.com\/fr\/produit\/%d9%83%d8%a7%d8%a8%d9%84-%d8%aa%d8%ae%d8%b7%d9%8a%d8%b7-%d8%a7%d9%84%d9%82%d9%84%d8%a8-%d8%a7%d9%84%d9%83%d9%87%d8%b1%d8%a8%d8%a7%d8%a6%d9%8a-%d9%84%d9%84%d9%85%d8%b1%d9%8a%d8%b6-%d9%85%d9%86-%d8%b3\/","title":{"rendered":"Cable Patient Pour ECG Starcare"},"content":{"rendered":"<p>Cables patient ECG Starcare vous assurent une connexion s\u00fbre et fiable entre le patient et l\u2019appareil d\u2019\u00e9lectrocardiographie. Fabriqu\u00e9s avec des mat\u00e9riaux de haute qualit\u00e9, ces c\u00e2bles garantissent des mesures pr\u00e9cises et fiables lors de la r\u00e9alisation d\u2019un \u00e9lectrocardiogramme. Leur conception robuste et leur compatibilit\u00e9 avec une large gamme d\u2019appareils en font un choix id\u00e9al pour les professionnels de la sant\u00e9 exigeants. Offrant une grande pr\u00e9cision et une durabilit\u00e9 exceptionnelle, les c\u00e2bles patient ECG Starcare vous permettront de r\u00e9aliser des diagnostics pr\u00e9cis et fiables, assurant ainsi la s\u00e9curit\u00e9 et la sant\u00e9 de vos patients. Faites confiance \u00e0 la qualit\u00e9 de nos c\u00e2bles patient pour des r\u00e9sultats de haute qualit\u00e9 \u00e0 chaque utilisation.<\/p>\n","protected":false},"excerpt":{"rendered":"<p>Cables patient ECG Starcare vous assurent une connexion s\u00fbre et fiable entre le patient et l\u2019appareil d\u2019\u00e9lectrocardiographie. Fabriqu\u00e9s avec des mat\u00e9riaux de haute qualit\u00e9, ces c\u00e2bles garantissent des mesures pr\u00e9cises et fiables lors de la r\u00e9alisation d\u2019un \u00e9lectrocardiogramme. Leur conception robuste et leur compatibilit\u00e9 avec une large gamme d\u2019appareils en font un choix id\u00e9al pour [&hellip;]<\/p>\n","protected":false},"featured_media":860,"comment_status":"open","ping_status":"closed","template":"","meta":[],"product_brand":[],"product_cat":[42],"product_tag":[],"class_list":{"0":"post-859","1":"product","2":"type-product","3":"status-publish","4":"has-post-thumbnail","6":"product_cat-consommables","8":"first","9":"instock","10":"shipping-taxable","11":"purchasable","12":"product-type-simple"},"_links":{"self":[{"href":"https:\/\/dzshifae.com\/fr\/wp-json\/wp\/v2\/product\/859","targetHints":{"allow":["GET"]}}],"collection":[{"href":"https:\/\/dzshifae.com\/fr\/wp-json\/wp\/v2\/product"}],"about":[{"href":"https:\/\/dzshifae.com\/fr\/wp-json\/wp\/v2\/types\/product"}],"replies":[{"embeddable":true,"href":"https:\/\/dzshifae.com\/fr\/wp-json\/wp\/v2\/comments?post=859"}],"wp:featuredmedia":[{"embeddable":true,"href":"https:\/\/dzshifae.com\/fr\/wp-json\/wp\/v2\/media\/860"}],"wp:attachment":[{"href":"https:\/\/dzshifae.com\/fr\/wp-json\/wp\/v2\/media?parent=859"}],"wp:term":[{"taxonomy":"product_brand","embeddable":true,"href":"https:\/\/dzshifae.com\/fr\/wp-json\/wp\/v2\/product_brand?post=859"},{"taxonomy":"product_cat","embeddable":true,"href":"https:\/\/dzshifae.com\/fr\/wp-json\/wp\/v2\/product_cat?post=859"},{"taxonomy":"product_tag","embeddable":true,"href":"https:\/\/dzshifae.com\/fr\/wp-json\/wp\/v2\/product_tag?post=859"}],"curies":[{"name":"wp","href":"https:\/\/api.w.org\/{rel}","templated":true}]}}