{"id":854,"date":"2026-02-15T18:45:59","date_gmt":"2026-02-15T18:45:59","guid":{"rendered":"https:\/\/sh.zr-solution.com\/produit\/%d8%ac%d9%87%d8%a7%d8%b2-%d8%a7%d9%84%d8%a7%d8%b3%d8%aa%d9%86%d8%b4%d8%a7%d9%82-ne-m02\/"},"modified":"2026-03-04T14:17:55","modified_gmt":"2026-03-04T14:17:55","slug":"%d8%ac%d9%87%d8%a7%d8%b2-%d8%a7%d9%84%d8%a7%d8%b3%d8%aa%d9%86%d8%b4%d8%a7%d9%82-ne-m02","status":"publish","type":"product","link":"https:\/\/dzshifae.com\/fr\/produit\/%d8%ac%d9%87%d8%a7%d8%b2-%d8%a7%d9%84%d8%a7%d8%b3%d8%aa%d9%86%d8%b4%d8%a7%d9%82-ne-m02\/","title":{"rendered":"Nebuliseur Ne-M02"},"content":{"rendered":"<p>Le n\u00e9buliseur NE-M02 utilise une technologie de vibration \u00e0 haute fr\u00e9quence pour atomiser les liquides, offrant une n\u00e9bulisation efficace et rapide. Compact et portable, il peut \u00eatre utilis\u00e9 avec un adaptateur secteur ou une batterie au lithium pour une utilisation pratique en tout lieu. R\u00e9glable sur deux niveaux, il convient aux besoins des h\u00f4pitaux, cliniques et familles. Profitez de ses performances de pointe pour un traitement optimal.<\/p>\n","protected":false},"excerpt":{"rendered":"<p>Le n\u00e9buliseur NE-M02 utilise une technologie de vibration \u00e0 haute fr\u00e9quence pour atomiser les liquides, offrant une n\u00e9bulisation efficace et rapide. Compact et portable, il peut \u00eatre utilis\u00e9 avec un adaptateur secteur ou une batterie au lithium pour une utilisation pratique en tout lieu. R\u00e9glable sur deux niveaux, il convient aux besoins des h\u00f4pitaux, cliniques [&hellip;]<\/p>\n","protected":false},"featured_media":783,"comment_status":"open","ping_status":"closed","template":"","meta":[],"product_brand":[],"product_cat":[43],"product_tag":[],"class_list":{"0":"post-854","1":"product","2":"type-product","3":"status-publish","4":"has-post-thumbnail","6":"product_cat-equipement-medical","8":"first","9":"instock","10":"shipping-taxable","11":"purchasable","12":"product-type-simple"},"_links":{"self":[{"href":"https:\/\/dzshifae.com\/fr\/wp-json\/wp\/v2\/product\/854","targetHints":{"allow":["GET"]}}],"collection":[{"href":"https:\/\/dzshifae.com\/fr\/wp-json\/wp\/v2\/product"}],"about":[{"href":"https:\/\/dzshifae.com\/fr\/wp-json\/wp\/v2\/types\/product"}],"replies":[{"embeddable":true,"href":"https:\/\/dzshifae.com\/fr\/wp-json\/wp\/v2\/comments?post=854"}],"wp:featuredmedia":[{"embeddable":true,"href":"https:\/\/dzshifae.com\/fr\/wp-json\/wp\/v2\/media\/783"}],"wp:attachment":[{"href":"https:\/\/dzshifae.com\/fr\/wp-json\/wp\/v2\/media?parent=854"}],"wp:term":[{"taxonomy":"product_brand","embeddable":true,"href":"https:\/\/dzshifae.com\/fr\/wp-json\/wp\/v2\/product_brand?post=854"},{"taxonomy":"product_cat","embeddable":true,"href":"https:\/\/dzshifae.com\/fr\/wp-json\/wp\/v2\/product_cat?post=854"},{"taxonomy":"product_tag","embeddable":true,"href":"https:\/\/dzshifae.com\/fr\/wp-json\/wp\/v2\/product_tag?post=854"}],"curies":[{"name":"wp","href":"https:\/\/api.w.org\/{rel}","templated":true}]}}