{"id":852,"date":"2026-02-15T18:48:30","date_gmt":"2026-02-15T18:48:30","guid":{"rendered":"https:\/\/sh.zr-solution.com\/produit\/%d8%ac%d9%87%d8%a7%d8%b2-%d8%a7%d9%84%d8%a7%d8%b3%d8%aa%d9%86%d8%b4%d8%a7%d9%82-ne-m01l\/"},"modified":"2026-03-04T14:11:00","modified_gmt":"2026-03-04T14:11:00","slug":"%d8%ac%d9%87%d8%a7%d8%b2-%d8%a7%d9%84%d8%a7%d8%b3%d8%aa%d9%86%d8%b4%d8%a7%d9%82-ne-m01l","status":"publish","type":"product","link":"https:\/\/dzshifae.com\/fr\/produit\/%d8%ac%d9%87%d8%a7%d8%b2-%d8%a7%d9%84%d8%a7%d8%b3%d8%aa%d9%86%d8%b4%d8%a7%d9%82-ne-m01l\/","title":{"rendered":"NEBULISEUR NE-M01L"},"content":{"rendered":"<p>Le n\u00e9buliseur \u00e0 mailles cr\u00e9e un effet de n\u00e9bulisation en vibrants \u00e0 haute fr\u00e9quence gr\u00e2ce \u00e0 une pi\u00e8ce en c\u00e9ramique pi\u00e9zo\u00e9lectrique, atomisant ainsi le liquide en contact avec la microplaque. Parfait pour une utilisation \u00e0 l\u2019h\u00f4pital, en clinique ou \u00e0 domicile.<\/p>\n<p>Caract\u00e9ristiques:<\/p>\n<p>1) Compact, l\u00e9ger, facile et s\u00fbr \u00e0 utiliser, fonctionnement silencieux.<br \/>\n2) Faible consommation d\u2019\u00e9nergie (batterie au lithium 3,7 V).<br \/>\n3) Commande \u00e0 un seul bouton pour une utilisation pratique.<br \/>\n4) Taille de particule petite (environ 5 \u03bcm) pour une absorption facile.<br \/>\n5) Arr\u00eat automatique en cas de manque de liquide.<\/p>\n<p>NEBULISEUR NE-M01L<\/p>\n","protected":false},"excerpt":{"rendered":"<p>Le n\u00e9buliseur \u00e0 mailles cr\u00e9e un effet de n\u00e9bulisation en vibrants \u00e0 haute fr\u00e9quence gr\u00e2ce \u00e0 une pi\u00e8ce en c\u00e9ramique pi\u00e9zo\u00e9lectrique, atomisant ainsi le liquide en contact avec la microplaque. Parfait pour une utilisation \u00e0 l\u2019h\u00f4pital, en clinique ou \u00e0 domicile. Caract\u00e9ristiques: 1) Compact, l\u00e9ger, facile et s\u00fbr \u00e0 utiliser, fonctionnement silencieux. 2) Faible consommation [&hellip;]<\/p>\n","protected":false},"featured_media":790,"comment_status":"open","ping_status":"closed","template":"","meta":[],"product_brand":[],"product_cat":[43],"product_tag":[],"class_list":{"0":"post-852","1":"product","2":"type-product","3":"status-publish","4":"has-post-thumbnail","6":"product_cat-equipement-medical","8":"first","9":"instock","10":"shipping-taxable","11":"purchasable","12":"product-type-simple"},"_links":{"self":[{"href":"https:\/\/dzshifae.com\/fr\/wp-json\/wp\/v2\/product\/852","targetHints":{"allow":["GET"]}}],"collection":[{"href":"https:\/\/dzshifae.com\/fr\/wp-json\/wp\/v2\/product"}],"about":[{"href":"https:\/\/dzshifae.com\/fr\/wp-json\/wp\/v2\/types\/product"}],"replies":[{"embeddable":true,"href":"https:\/\/dzshifae.com\/fr\/wp-json\/wp\/v2\/comments?post=852"}],"wp:featuredmedia":[{"embeddable":true,"href":"https:\/\/dzshifae.com\/fr\/wp-json\/wp\/v2\/media\/790"}],"wp:attachment":[{"href":"https:\/\/dzshifae.com\/fr\/wp-json\/wp\/v2\/media?parent=852"}],"wp:term":[{"taxonomy":"product_brand","embeddable":true,"href":"https:\/\/dzshifae.com\/fr\/wp-json\/wp\/v2\/product_brand?post=852"},{"taxonomy":"product_cat","embeddable":true,"href":"https:\/\/dzshifae.com\/fr\/wp-json\/wp\/v2\/product_cat?post=852"},{"taxonomy":"product_tag","embeddable":true,"href":"https:\/\/dzshifae.com\/fr\/wp-json\/wp\/v2\/product_tag?post=852"}],"curies":[{"name":"wp","href":"https:\/\/api.w.org\/{rel}","templated":true}]}}