{"id":849,"date":"2026-02-15T18:54:19","date_gmt":"2026-02-15T18:54:19","guid":{"rendered":"https:\/\/sh.zr-solution.com\/produit\/%d8%ac%d9%87%d8%a7%d8%b2-%d9%85%d8%b1%d8%a7%d9%82%d8%a8%d8%a9-cms1700b\/"},"modified":"2026-03-04T14:04:16","modified_gmt":"2026-03-04T14:04:16","slug":"%d8%ac%d9%87%d8%a7%d8%b2-%d9%85%d8%b1%d8%a7%d9%82%d8%a8%d8%a9-cms1700b","status":"publish","type":"product","link":"https:\/\/dzshifae.com\/fr\/produit\/%d8%ac%d9%87%d8%a7%d8%b2-%d9%85%d8%b1%d8%a7%d9%82%d8%a8%d8%a9-cms1700b\/","title":{"rendered":"Moniteur de survaillance CMS1700B"},"content":{"rendered":"<p>Le CMS1700B-VET est un appareil de diagnostic ultrasonore Doppler couleur \u00e0 haute r\u00e9solution sp\u00e9cialement con\u00e7u pour les animaux, \u00e9quip\u00e9 d\u2019une plateforme de traitement informatique puissante. Gr\u00e2ce \u00e0 la technologie avanc\u00e9e d\u2019imagerie Doppler, de formation de faisceaux num\u00e9rique et d\u2019imagerie harmonique des tissus, cet appareil offre une qualit\u00e9 d\u2019image exceptionnelle. Son logiciel de mesure professionnel r\u00e9pond pleinement aux exigences de diagnostic clinique.<\/p>\n","protected":false},"excerpt":{"rendered":"<p>Le CMS1700B-VET est un appareil de diagnostic ultrasonore Doppler couleur \u00e0 haute r\u00e9solution sp\u00e9cialement con\u00e7u pour les animaux, \u00e9quip\u00e9 d\u2019une plateforme de traitement informatique puissante. Gr\u00e2ce \u00e0 la technologie avanc\u00e9e d\u2019imagerie Doppler, de formation de faisceaux num\u00e9rique et d\u2019imagerie harmonique des tissus, cet appareil offre une qualit\u00e9 d\u2019image exceptionnelle. Son logiciel de mesure professionnel r\u00e9pond [&hellip;]<\/p>\n","protected":false},"featured_media":789,"comment_status":"open","ping_status":"closed","template":"","meta":[],"product_brand":[],"product_cat":[43],"product_tag":[],"class_list":{"0":"post-849","1":"product","2":"type-product","3":"status-publish","4":"has-post-thumbnail","6":"product_cat-equipement-medical","8":"first","9":"instock","10":"shipping-taxable","11":"purchasable","12":"product-type-simple"},"_links":{"self":[{"href":"https:\/\/dzshifae.com\/fr\/wp-json\/wp\/v2\/product\/849","targetHints":{"allow":["GET"]}}],"collection":[{"href":"https:\/\/dzshifae.com\/fr\/wp-json\/wp\/v2\/product"}],"about":[{"href":"https:\/\/dzshifae.com\/fr\/wp-json\/wp\/v2\/types\/product"}],"replies":[{"embeddable":true,"href":"https:\/\/dzshifae.com\/fr\/wp-json\/wp\/v2\/comments?post=849"}],"wp:featuredmedia":[{"embeddable":true,"href":"https:\/\/dzshifae.com\/fr\/wp-json\/wp\/v2\/media\/789"}],"wp:attachment":[{"href":"https:\/\/dzshifae.com\/fr\/wp-json\/wp\/v2\/media?parent=849"}],"wp:term":[{"taxonomy":"product_brand","embeddable":true,"href":"https:\/\/dzshifae.com\/fr\/wp-json\/wp\/v2\/product_brand?post=849"},{"taxonomy":"product_cat","embeddable":true,"href":"https:\/\/dzshifae.com\/fr\/wp-json\/wp\/v2\/product_cat?post=849"},{"taxonomy":"product_tag","embeddable":true,"href":"https:\/\/dzshifae.com\/fr\/wp-json\/wp\/v2\/product_tag?post=849"}],"curies":[{"name":"wp","href":"https:\/\/api.w.org\/{rel}","templated":true}]}}