{"id":846,"date":"2026-02-15T18:57:01","date_gmt":"2026-02-15T18:57:01","guid":{"rendered":"https:\/\/sh.zr-solution.com\/produit\/%d8%b7%d8%a7%d9%88%d9%84%d8%a9-%d8%ac%d8%a7%d9%86%d8%a8%d9%8a%d8%a9-%d9%84%d8%b9%d8%b1%d8%a8%d8%a9-%d8%a7%d9%84%d8%b9%d9%86%d8%a7%d9%8a%d8%a9-%d8%a7%d9%84%d8%b4%d8%ae%d8%b5%d9%8a%d8%a9-%d9%85%d9%86\/"},"modified":"2026-03-04T13:58:45","modified_gmt":"2026-03-04T13:58:45","slug":"%d8%b7%d8%a7%d9%88%d9%84%d8%a9-%d8%ac%d8%a7%d9%86%d8%a8%d9%8a%d8%a9-%d9%84%d8%b9%d8%b1%d8%a8%d8%a9-%d8%a7%d9%84%d8%b9%d9%86%d8%a7%d9%8a%d8%a9-%d8%a7%d9%84%d8%b4%d8%ae%d8%b5%d9%8a%d8%a9-%d9%85%d9%86","status":"publish","type":"product","link":"https:\/\/dzshifae.com\/fr\/produit\/%d8%b7%d8%a7%d9%88%d9%84%d8%a9-%d8%ac%d8%a7%d9%86%d8%a8%d9%8a%d8%a9-%d9%84%d8%b9%d8%b1%d8%a8%d8%a9-%d8%a7%d9%84%d8%b9%d9%86%d8%a7%d9%8a%d8%a9-%d8%a7%d9%84%d8%b4%d8%ae%d8%b5%d9%8a%d8%a9-%d9%85%d9%86\/","title":{"rendered":"Gueridon ChaRriot Soins En ABS 3 Etage"},"content":{"rendered":"<p>Le chariot de soins en ABS Y-301F est un \u00e9quipement pratique et polyvalent con\u00e7u pour faciliter le transport du mat\u00e9riel m\u00e9dical directement aupr\u00e8s des patients. Dot\u00e9 de 3 \u00e9tag\u00e8res spacieuses, ce chariot sur roues anti statique de la marque STAR CARE offre une grande capacit\u00e9 de stockage tout en assurant une mobilit\u00e9 optimale gr\u00e2ce \u00e0 ses 4 roues pivotantes \u00e0 360\u00b0. Les dimensions compactes de 815*490*825mm et sa capacit\u00e9 de charge maximale de 100 Kg en font un outil fiable et performant pour les professionnels de sant\u00e9. Fabriqu\u00e9 en ABS et en PP, ce chariot de soins garantit une r\u00e9sistance et une durabilit\u00e9 exceptionnelles, tout en assurant une manipulation ais\u00e9e et s\u00e9curis\u00e9e du mat\u00e9riel m\u00e9dical. Un \u00e9quipement indispensable pour optimiser l\u2019organisation et l\u2019efficacit\u00e9 des interventions m\u00e9dicales.<\/p>\n","protected":false},"excerpt":{"rendered":"<p>Le chariot de soins en ABS Y-301F est un \u00e9quipement pratique et polyvalent con\u00e7u pour faciliter le transport du mat\u00e9riel m\u00e9dical directement aupr\u00e8s des patients. Dot\u00e9 de 3 \u00e9tag\u00e8res spacieuses, ce chariot sur roues anti statique de la marque STAR CARE offre une grande capacit\u00e9 de stockage tout en assurant une mobilit\u00e9 optimale gr\u00e2ce \u00e0 [&hellip;]<\/p>\n","protected":false},"featured_media":785,"comment_status":"open","ping_status":"closed","template":"","meta":[],"product_brand":[],"product_cat":[44],"product_tag":[],"class_list":{"0":"post-846","1":"product","2":"type-product","3":"status-publish","4":"has-post-thumbnail","6":"product_cat-mobilier-medical","8":"first","9":"instock","10":"shipping-taxable","11":"purchasable","12":"product-type-simple"},"_links":{"self":[{"href":"https:\/\/dzshifae.com\/fr\/wp-json\/wp\/v2\/product\/846","targetHints":{"allow":["GET"]}}],"collection":[{"href":"https:\/\/dzshifae.com\/fr\/wp-json\/wp\/v2\/product"}],"about":[{"href":"https:\/\/dzshifae.com\/fr\/wp-json\/wp\/v2\/types\/product"}],"replies":[{"embeddable":true,"href":"https:\/\/dzshifae.com\/fr\/wp-json\/wp\/v2\/comments?post=846"}],"wp:featuredmedia":[{"embeddable":true,"href":"https:\/\/dzshifae.com\/fr\/wp-json\/wp\/v2\/media\/785"}],"wp:attachment":[{"href":"https:\/\/dzshifae.com\/fr\/wp-json\/wp\/v2\/media?parent=846"}],"wp:term":[{"taxonomy":"product_brand","embeddable":true,"href":"https:\/\/dzshifae.com\/fr\/wp-json\/wp\/v2\/product_brand?post=846"},{"taxonomy":"product_cat","embeddable":true,"href":"https:\/\/dzshifae.com\/fr\/wp-json\/wp\/v2\/product_cat?post=846"},{"taxonomy":"product_tag","embeddable":true,"href":"https:\/\/dzshifae.com\/fr\/wp-json\/wp\/v2\/product_tag?post=846"}],"curies":[{"name":"wp","href":"https:\/\/api.w.org\/{rel}","templated":true}]}}