{"id":842,"date":"2026-02-15T18:59:23","date_gmt":"2026-02-15T18:59:23","guid":{"rendered":"https:\/\/sh.zr-solution.com\/produit\/%d8%b9%d8%b1%d8%a8%d8%a9-%d8%b7%d8%a8%d9%8a%d8%a9-%d9%85%d8%b2%d9%88%d8%af%d8%a9-%d8%a8%d8%af%d8%b1%d8%ac%d9%8a%d9%86-%d9%883-%d9%85%d8%b3%d8%a7%d8%ad%d8%a7%d8%aa-%d8%aa%d8%ae%d8%b2%d9%8a%d9%86\/"},"modified":"2026-03-04T11:30:26","modified_gmt":"2026-03-04T11:30:26","slug":"%d8%b9%d8%b1%d8%a8%d8%a9-%d8%b7%d8%a8%d9%8a%d8%a9-%d9%85%d8%b2%d9%88%d8%af%d8%a9-%d8%a8%d8%af%d8%b1%d8%ac%d9%8a%d9%86-%d9%883-%d9%85%d8%b3%d8%a7%d8%ad%d8%a7%d8%aa-%d8%aa%d8%ae%d8%b2%d9%8a%d9%86","status":"publish","type":"product","link":"https:\/\/dzshifae.com\/fr\/produit\/%d8%b9%d8%b1%d8%a8%d8%a9-%d8%b7%d8%a8%d9%8a%d8%a9-%d9%85%d8%b2%d9%88%d8%af%d8%a9-%d8%a8%d8%af%d8%b1%d8%ac%d9%8a%d9%86-%d9%883-%d9%85%d8%b3%d8%a7%d8%ad%d8%a7%d8%aa-%d8%aa%d8%ae%d8%b2%d9%8a%d9%86\/","title":{"rendered":"Gueridon Chariot Soins En ABS Avec 2 Tirroires3 Etage"},"content":{"rendered":"<p>Ce chariot de soins en ABS est l\u2019accessoire id\u00e9al pour transporter facilement et efficacement le mat\u00e9riel m\u00e9dical n\u00e9cessaire aupr\u00e8s des patients. Dot\u00e9 de trois \u00e9tages et de deux tiroirs pour un rangement pratique, il est \u00e9quip\u00e9 de quatre roues antid\u00e9rapantes offrant une grande man\u0153uvrabilit\u00e9. Sa structure solide en ABS assure une durabilit\u00e9 et une hygi\u00e8ne optimale. Avec sa galerie et ses dimensions adapt\u00e9es, ce chariot facilite le travail des professionnels de sant\u00e9 en permettant un acc\u00e8s rapide au mat\u00e9riel de soins.<\/p>\n","protected":false},"excerpt":{"rendered":"<p>Ce chariot de soins en ABS est l\u2019accessoire id\u00e9al pour transporter facilement et efficacement le mat\u00e9riel m\u00e9dical n\u00e9cessaire aupr\u00e8s des patients. Dot\u00e9 de trois \u00e9tages et de deux tiroirs pour un rangement pratique, il est \u00e9quip\u00e9 de quatre roues antid\u00e9rapantes offrant une grande man\u0153uvrabilit\u00e9. Sa structure solide en ABS assure une durabilit\u00e9 et une hygi\u00e8ne [&hellip;]<\/p>\n","protected":false},"featured_media":788,"comment_status":"open","ping_status":"closed","template":"","meta":[],"product_brand":[],"product_cat":[44],"product_tag":[],"class_list":{"0":"post-842","1":"product","2":"type-product","3":"status-publish","4":"has-post-thumbnail","6":"product_cat-mobilier-medical","8":"first","9":"instock","10":"shipping-taxable","11":"purchasable","12":"product-type-simple"},"_links":{"self":[{"href":"https:\/\/dzshifae.com\/fr\/wp-json\/wp\/v2\/product\/842","targetHints":{"allow":["GET"]}}],"collection":[{"href":"https:\/\/dzshifae.com\/fr\/wp-json\/wp\/v2\/product"}],"about":[{"href":"https:\/\/dzshifae.com\/fr\/wp-json\/wp\/v2\/types\/product"}],"replies":[{"embeddable":true,"href":"https:\/\/dzshifae.com\/fr\/wp-json\/wp\/v2\/comments?post=842"}],"wp:featuredmedia":[{"embeddable":true,"href":"https:\/\/dzshifae.com\/fr\/wp-json\/wp\/v2\/media\/788"}],"wp:attachment":[{"href":"https:\/\/dzshifae.com\/fr\/wp-json\/wp\/v2\/media?parent=842"}],"wp:term":[{"taxonomy":"product_brand","embeddable":true,"href":"https:\/\/dzshifae.com\/fr\/wp-json\/wp\/v2\/product_brand?post=842"},{"taxonomy":"product_cat","embeddable":true,"href":"https:\/\/dzshifae.com\/fr\/wp-json\/wp\/v2\/product_cat?post=842"},{"taxonomy":"product_tag","embeddable":true,"href":"https:\/\/dzshifae.com\/fr\/wp-json\/wp\/v2\/product_tag?post=842"}],"curies":[{"name":"wp","href":"https:\/\/api.w.org\/{rel}","templated":true}]}}