{"id":838,"date":"2026-02-15T19:05:12","date_gmt":"2026-02-15T19:05:12","guid":{"rendered":"https:\/\/sh.zr-solution.com\/produit\/%d9%85%d8%b1%d8%aa%d8%a8%d8%a9-%d8%b3%d8%b1%d9%8a%d8%b1-%d8%a7%d9%84%d8%b9%d9%86%d8%a7%d9%8a%d8%a9-%d8%a7%d9%84%d9%85%d8%b1%d9%83%d8%b2%d8%a9-%d9%85%d8%aa%d8%b9%d8%af%d8%af%d8%a9-%d8%a7%d9%84%d8%a3\/"},"modified":"2026-03-04T11:22:45","modified_gmt":"2026-03-04T11:22:45","slug":"%d9%85%d8%b1%d8%aa%d8%a8%d8%a9-%d8%b3%d8%b1%d9%8a%d8%b1-%d8%a7%d9%84%d8%b9%d9%86%d8%a7%d9%8a%d8%a9-%d8%a7%d9%84%d9%85%d8%b1%d9%83%d8%b2%d8%a9-%d9%85%d8%aa%d8%b9%d8%af%d8%af%d8%a9-%d8%a7%d9%84%d8%a3","status":"publish","type":"product","link":"https:\/\/dzshifae.com\/fr\/produit\/%d9%85%d8%b1%d8%aa%d8%a8%d8%a9-%d8%b3%d8%b1%d9%8a%d8%b1-%d8%a7%d9%84%d8%b9%d9%86%d8%a7%d9%8a%d8%a9-%d8%a7%d9%84%d9%85%d8%b1%d9%83%d8%b2%d8%a9-%d9%85%d8%aa%d8%b9%d8%af%d8%af%d8%a9-%d8%a7%d9%84%d8%a3\/","title":{"rendered":"Matelas Pour Lit De Reanimation Multipositions 08 CM D\u2019eppesseur Starcar"},"content":{"rendered":"<p>Ce matelas pour lit de r\u00e9animation multi-positions de 80 mm d\u2019\u00e9paisseur de la marque STARCAR s\u2019adapte \u00e0 tous les mod\u00e8les de lits d\u2019h\u00f4pitaux. Ses dimensions de L1950 x L830 x H80 mm en font un choix id\u00e9al pour assurer le confort des patients. Fabriqu\u00e9 en \u00e9ponge extensible recouverte de tissu imperm\u00e9able \u00e0 l\u2019eau, ce matelas garantit un soutien doux et durable. Son design polyvalent permet une utilisation facile pour diverses positions et situations m\u00e9dicales.<\/p>\n","protected":false},"excerpt":{"rendered":"<p>Ce matelas pour lit de r\u00e9animation multi-positions de 80 mm d\u2019\u00e9paisseur de la marque STARCAR s\u2019adapte \u00e0 tous les mod\u00e8les de lits d\u2019h\u00f4pitaux. Ses dimensions de L1950 x L830 x H80 mm en font un choix id\u00e9al pour assurer le confort des patients. Fabriqu\u00e9 en \u00e9ponge extensible recouverte de tissu imperm\u00e9able \u00e0 l\u2019eau, ce matelas [&hellip;]<\/p>\n","protected":false},"featured_media":787,"comment_status":"open","ping_status":"closed","template":"","meta":[],"product_brand":[],"product_cat":[44],"product_tag":[],"class_list":{"0":"post-838","1":"product","2":"type-product","3":"status-publish","4":"has-post-thumbnail","6":"product_cat-mobilier-medical","8":"first","9":"instock","10":"shipping-taxable","11":"purchasable","12":"product-type-simple"},"_links":{"self":[{"href":"https:\/\/dzshifae.com\/fr\/wp-json\/wp\/v2\/product\/838","targetHints":{"allow":["GET"]}}],"collection":[{"href":"https:\/\/dzshifae.com\/fr\/wp-json\/wp\/v2\/product"}],"about":[{"href":"https:\/\/dzshifae.com\/fr\/wp-json\/wp\/v2\/types\/product"}],"replies":[{"embeddable":true,"href":"https:\/\/dzshifae.com\/fr\/wp-json\/wp\/v2\/comments?post=838"}],"wp:featuredmedia":[{"embeddable":true,"href":"https:\/\/dzshifae.com\/fr\/wp-json\/wp\/v2\/media\/787"}],"wp:attachment":[{"href":"https:\/\/dzshifae.com\/fr\/wp-json\/wp\/v2\/media?parent=838"}],"wp:term":[{"taxonomy":"product_brand","embeddable":true,"href":"https:\/\/dzshifae.com\/fr\/wp-json\/wp\/v2\/product_brand?post=838"},{"taxonomy":"product_cat","embeddable":true,"href":"https:\/\/dzshifae.com\/fr\/wp-json\/wp\/v2\/product_cat?post=838"},{"taxonomy":"product_tag","embeddable":true,"href":"https:\/\/dzshifae.com\/fr\/wp-json\/wp\/v2\/product_tag?post=838"}],"curies":[{"name":"wp","href":"https:\/\/api.w.org\/{rel}","templated":true}]}}