{"id":834,"date":"2026-02-15T19:10:30","date_gmt":"2026-02-15T19:10:30","guid":{"rendered":"https:\/\/sh.zr-solution.com\/produit\/%d8%b3%d9%85%d8%a7%d8%b9%d8%a9-%d8%b7%d8%a8%d9%8a%d8%a9-%d9%84%d9%84%d8%a8%d8%a7%d9%84%d8%ba%d9%8a%d9%86-%d9%85%d9%86-%d9%85%d8%a7%d8%ac%d9%8a%d8%b3%d8%aa%d8%b1-2-%d8%b0%d8%a7%d8%aa-%d8%b1%d8%a3%d8%b3\/"},"modified":"2026-03-04T11:11:54","modified_gmt":"2026-03-04T11:11:54","slug":"%d8%b3%d9%85%d8%a7%d8%b9%d8%a9-%d8%b7%d8%a8%d9%8a%d8%a9-%d9%84%d9%84%d8%a8%d8%a7%d9%84%d8%ba%d9%8a%d9%86-%d9%85%d9%86-%d9%85%d8%a7%d8%ac%d9%8a%d8%b3%d8%aa%d8%b1-2-%d8%b0%d8%a7%d8%aa-%d8%b1%d8%a3%d8%b3","status":"publish","type":"product","link":"https:\/\/dzshifae.com\/fr\/produit\/%d8%b3%d9%85%d8%a7%d8%b9%d8%a9-%d8%b7%d8%a8%d9%8a%d8%a9-%d9%84%d9%84%d8%a8%d8%a7%d9%84%d8%ba%d9%8a%d9%86-%d9%85%d9%86-%d9%85%d8%a7%d8%ac%d9%8a%d8%b3%d8%aa%d8%b1-2-%d8%b0%d8%a7%d8%aa-%d8%b1%d8%a3%d8%b3\/","title":{"rendered":"Stethoscope Magister II Adulte Double Pavillon Spengler"},"content":{"rendered":"<p>Le st\u00e9thoscope Magister II adulte \u00e0 double pavillon de couleur noir de la marque Spengler est un outil de diagnostic polyvalent et performant, offrant une haute pr\u00e9cision et un grand confort gr\u00e2ce \u00e0 sa membrane flottante en acier inoxydable. Sa conception en acier inoxydable en fait un instrument durable et fiable, id\u00e9al pour une utilisation professionnelle. Ce st\u00e9thoscope est disponible en noir ou en m\u00e9tal, vous laissant le choix de la couleur qui vous convient le mieux.<\/p>\n","protected":false},"excerpt":{"rendered":"<p>Le st\u00e9thoscope Magister II adulte \u00e0 double pavillon de couleur noir de la marque Spengler est un outil de diagnostic polyvalent et performant, offrant une haute pr\u00e9cision et un grand confort gr\u00e2ce \u00e0 sa membrane flottante en acier inoxydable. Sa conception en acier inoxydable en fait un instrument durable et fiable, id\u00e9al pour une utilisation [&hellip;]<\/p>\n","protected":false},"featured_media":786,"comment_status":"open","ping_status":"closed","template":"","meta":[],"product_brand":[],"product_cat":[45],"product_tag":[],"class_list":{"0":"post-834","1":"product","2":"type-product","3":"status-publish","4":"has-post-thumbnail","6":"product_cat-outillage-de-diagnostic","8":"first","9":"instock","10":"featured","11":"shipping-taxable","12":"purchasable","13":"product-type-simple"},"_links":{"self":[{"href":"https:\/\/dzshifae.com\/fr\/wp-json\/wp\/v2\/product\/834","targetHints":{"allow":["GET"]}}],"collection":[{"href":"https:\/\/dzshifae.com\/fr\/wp-json\/wp\/v2\/product"}],"about":[{"href":"https:\/\/dzshifae.com\/fr\/wp-json\/wp\/v2\/types\/product"}],"replies":[{"embeddable":true,"href":"https:\/\/dzshifae.com\/fr\/wp-json\/wp\/v2\/comments?post=834"}],"wp:featuredmedia":[{"embeddable":true,"href":"https:\/\/dzshifae.com\/fr\/wp-json\/wp\/v2\/media\/786"}],"wp:attachment":[{"href":"https:\/\/dzshifae.com\/fr\/wp-json\/wp\/v2\/media?parent=834"}],"wp:term":[{"taxonomy":"product_brand","embeddable":true,"href":"https:\/\/dzshifae.com\/fr\/wp-json\/wp\/v2\/product_brand?post=834"},{"taxonomy":"product_cat","embeddable":true,"href":"https:\/\/dzshifae.com\/fr\/wp-json\/wp\/v2\/product_cat?post=834"},{"taxonomy":"product_tag","embeddable":true,"href":"https:\/\/dzshifae.com\/fr\/wp-json\/wp\/v2\/product_tag?post=834"}],"curies":[{"name":"wp","href":"https:\/\/api.w.org\/{rel}","templated":true}]}}