{"id":830,"date":"2026-02-15T19:12:37","date_gmt":"2026-02-15T19:12:37","guid":{"rendered":"https:\/\/sh.zr-solution.com\/produit\/%d8%ac%d9%87%d8%a7%d8%b2-%d9%82%d9%8a%d8%a7%d8%b3-%d8%b6%d8%ba%d8%b7-%d8%a7%d9%84%d8%af%d9%85-%d8%a7%d9%84%d8%a3%d9%88%d8%aa%d9%88%d9%85%d8%a7%d8%aa%d9%8a%d9%83%d9%8a-omron-m3-comfort-%d9%84%d9%84\/"},"modified":"2026-03-09T13:50:14","modified_gmt":"2026-03-09T13:50:14","slug":"%d8%ac%d9%87%d8%a7%d8%b2-%d9%82%d9%8a%d8%a7%d8%b3-%d8%b6%d8%ba%d8%b7-%d8%a7%d9%84%d8%af%d9%85-%d8%a7%d9%84%d8%a3%d9%88%d8%aa%d9%88%d9%85%d8%a7%d8%aa%d9%8a%d9%83%d9%8a-omron-m3-comfort-%d9%84%d9%84","status":"publish","type":"product","link":"https:\/\/dzshifae.com\/fr\/produit\/%d8%ac%d9%87%d8%a7%d8%b2-%d9%82%d9%8a%d8%a7%d8%b3-%d8%b6%d8%ba%d8%b7-%d8%a7%d9%84%d8%af%d9%85-%d8%a7%d9%84%d8%a3%d9%88%d8%aa%d9%88%d9%85%d8%a7%d8%aa%d9%8a%d9%83%d9%8a-omron-m3-comfort-%d9%84%d9%84\/","title":{"rendered":"TENSIOM\u00c8TRE AUTOMATIQUE A BRAS M3 CONFORT OMRON"},"content":{"rendered":"<p>Le tensiom\u00e8tre automatique M3 Comfort d\u2019Omron est dot\u00e9 d\u2019un brassard Intelli Wrap et d\u2019un capteur \u00e0 360\u00b0 pour des mesures pr\u00e9cises quel que soit le positionnement du brassard sur le bras. Gr\u00e2ce \u00e0 sa technologie IntelliSense et son gonflage personnalis\u00e9, la prise de tension est rapide et confortable. Cet appareil facile d\u2019utilisation indique les battements cardiaques irr\u00e9guliers, l\u2019installation correcte du brassard et d\u00e9tecte les mouvements du corps. Un alli\u00e9 fiable pour surveiller sa tension au quotidien.<\/p>\n","protected":false},"excerpt":{"rendered":"<p>Le tensiom\u00e8tre automatique M3 Comfort d\u2019Omron est dot\u00e9 d\u2019un brassard Intelli Wrap et d\u2019un capteur \u00e0 360\u00b0 pour des mesures pr\u00e9cises quel que soit le positionnement du brassard sur le bras. Gr\u00e2ce \u00e0 sa technologie IntelliSense et son gonflage personnalis\u00e9, la prise de tension est rapide et confortable. Cet appareil facile d\u2019utilisation indique les battements [&hellip;]<\/p>\n","protected":false},"featured_media":784,"comment_status":"open","ping_status":"closed","template":"","meta":[],"product_brand":[],"product_cat":[45],"product_tag":[],"class_list":{"0":"post-830","1":"product","2":"type-product","3":"status-publish","4":"has-post-thumbnail","6":"product_cat-outillage-de-diagnostic","8":"first","9":"instock","10":"shipping-taxable","11":"purchasable","12":"product-type-simple"},"_links":{"self":[{"href":"https:\/\/dzshifae.com\/fr\/wp-json\/wp\/v2\/product\/830","targetHints":{"allow":["GET"]}}],"collection":[{"href":"https:\/\/dzshifae.com\/fr\/wp-json\/wp\/v2\/product"}],"about":[{"href":"https:\/\/dzshifae.com\/fr\/wp-json\/wp\/v2\/types\/product"}],"replies":[{"embeddable":true,"href":"https:\/\/dzshifae.com\/fr\/wp-json\/wp\/v2\/comments?post=830"}],"wp:featuredmedia":[{"embeddable":true,"href":"https:\/\/dzshifae.com\/fr\/wp-json\/wp\/v2\/media\/784"}],"wp:attachment":[{"href":"https:\/\/dzshifae.com\/fr\/wp-json\/wp\/v2\/media?parent=830"}],"wp:term":[{"taxonomy":"product_brand","embeddable":true,"href":"https:\/\/dzshifae.com\/fr\/wp-json\/wp\/v2\/product_brand?post=830"},{"taxonomy":"product_cat","embeddable":true,"href":"https:\/\/dzshifae.com\/fr\/wp-json\/wp\/v2\/product_cat?post=830"},{"taxonomy":"product_tag","embeddable":true,"href":"https:\/\/dzshifae.com\/fr\/wp-json\/wp\/v2\/product_tag?post=830"}],"curies":[{"name":"wp","href":"https:\/\/api.w.org\/{rel}","templated":true}]}}