{"id":1246,"date":"2026-03-26T20:34:16","date_gmt":"2026-03-26T20:34:16","guid":{"rendered":"https:\/\/sh.zr-solution.com\/produit\/%d9%85%d8%b3%d8%a8%d8%a7%d8%b1-%d9%88%d8%b9%d8%a7%d8%a6%d9%8a-%d8%a8%d8%aa%d8%b1%d8%af%d8%af-8-%d9%85%d9%8a%d8%ac%d8%a7%d9%87%d8%b1%d8%aa%d8%b2-%d9%84%d8%ac%d9%87%d8%a7%d8%b2-%d8%af%d9%88%d8%a8%d9%84\/"},"modified":"2026-03-26T20:50:57","modified_gmt":"2026-03-26T20:50:57","slug":"%d9%85%d8%b3%d8%a8%d8%a7%d8%b1-%d9%88%d8%b9%d8%a7%d8%a6%d9%8a-%d8%a8%d8%aa%d8%b1%d8%af%d8%af-8-%d9%85%d9%8a%d8%ac%d8%a7%d9%87%d8%b1%d8%aa%d8%b2-%d9%84%d8%ac%d9%87%d8%a7%d8%b2-%d8%af%d9%88%d8%a8%d9%84","status":"publish","type":"product","link":"https:\/\/dzshifae.com\/fr\/produit\/%d9%85%d8%b3%d8%a8%d8%a7%d8%b1-%d9%88%d8%b9%d8%a7%d8%a6%d9%8a-%d8%a8%d8%aa%d8%b1%d8%af%d8%af-8-%d9%85%d9%8a%d8%ac%d8%a7%d9%87%d8%b1%d8%aa%d8%b2-%d9%84%d8%ac%d9%87%d8%a7%d8%b2-%d8%af%d9%88%d8%a8%d9%84\/","title":{"rendered":"Sonde Vasculaire 8 Mhz Pour Doppler Starcare"},"content":{"rendered":"<p>La sonde vasculaire 8 MHz pour Doppler Starcare est un outil essentiel pour l\u2019\u00e9valuation rapide et pr\u00e9cise du flux sanguin dans les vaisseaux sanguins. Avec une fr\u00e9quence de 8 MHz, cette sonde permet une visualisation claire et d\u00e9taill\u00e9e des flux sanguins, ce qui facilite le diagnostic des conditions vasculaires. L\u00e9g\u00e8re et facile \u00e0 manier, cette sonde est compatible avec le Doppler Starcare, offrant une solution compl\u00e8te et efficace. Son design ergonomique assure un confort optimal pour les patients et un usage pratique pour les praticiens. Am\u00e9liorez vos performances diagnostiques avec la sonde vasculaire 8 MHz pour Doppler Starcare.<\/p>\n","protected":false},"excerpt":{"rendered":"<p>La sonde vasculaire 8 MHz pour Doppler Starcare est un outil essentiel pour l\u2019\u00e9valuation rapide et pr\u00e9cise du flux sanguin dans les vaisseaux sanguins. Avec une fr\u00e9quence de 8 MHz, cette sonde permet une visualisation claire et d\u00e9taill\u00e9e des flux sanguins, ce qui facilite le diagnostic des conditions vasculaires. L\u00e9g\u00e8re et facile \u00e0 manier, cette [&hellip;]<\/p>\n","protected":false},"featured_media":1247,"comment_status":"open","ping_status":"closed","template":"","meta":[],"product_brand":[],"product_cat":[42],"product_tag":[],"class_list":{"0":"post-1246","1":"product","2":"type-product","3":"status-publish","4":"has-post-thumbnail","6":"product_cat-consommables","8":"first","9":"instock","10":"shipping-taxable","11":"purchasable","12":"product-type-simple"},"_links":{"self":[{"href":"https:\/\/dzshifae.com\/fr\/wp-json\/wp\/v2\/product\/1246","targetHints":{"allow":["GET"]}}],"collection":[{"href":"https:\/\/dzshifae.com\/fr\/wp-json\/wp\/v2\/product"}],"about":[{"href":"https:\/\/dzshifae.com\/fr\/wp-json\/wp\/v2\/types\/product"}],"replies":[{"embeddable":true,"href":"https:\/\/dzshifae.com\/fr\/wp-json\/wp\/v2\/comments?post=1246"}],"wp:featuredmedia":[{"embeddable":true,"href":"https:\/\/dzshifae.com\/fr\/wp-json\/wp\/v2\/media\/1247"}],"wp:attachment":[{"href":"https:\/\/dzshifae.com\/fr\/wp-json\/wp\/v2\/media?parent=1246"}],"wp:term":[{"taxonomy":"product_brand","embeddable":true,"href":"https:\/\/dzshifae.com\/fr\/wp-json\/wp\/v2\/product_brand?post=1246"},{"taxonomy":"product_cat","embeddable":true,"href":"https:\/\/dzshifae.com\/fr\/wp-json\/wp\/v2\/product_cat?post=1246"},{"taxonomy":"product_tag","embeddable":true,"href":"https:\/\/dzshifae.com\/fr\/wp-json\/wp\/v2\/product_tag?post=1246"}],"curies":[{"name":"wp","href":"https:\/\/api.w.org\/{rel}","templated":true}]}}