{"id":1224,"date":"2026-03-26T14:48:14","date_gmt":"2026-03-26T14:48:14","guid":{"rendered":"https:\/\/sh.zr-solution.com\/produit\/%d8%ac%d9%87%d8%a7%d8%b2-%d9%82%d9%8a%d8%a7%d8%b3-%d9%86%d8%b3%d8%a8%d8%a9-%d8%a7%d9%84%d8%a3%d9%83%d8%b3%d8%ac%d9%8a%d9%86-%d9%81%d9%8a-%d8%a7%d9%84%d8%af%d9%85-%d9%84%d9%84%d8%a8%d8%a7%d9%84%d8%ba\/"},"modified":"2026-03-26T14:59:20","modified_gmt":"2026-03-26T14:59:20","slug":"%d8%ac%d9%87%d8%a7%d8%b2-%d9%82%d9%8a%d8%a7%d8%b3-%d9%86%d8%b3%d8%a8%d8%a9-%d8%a7%d9%84%d8%a3%d9%83%d8%b3%d8%ac%d9%8a%d9%86-%d9%81%d9%8a-%d8%a7%d9%84%d8%af%d9%85-%d9%84%d9%84%d8%a8%d8%a7%d9%84%d8%ba","status":"publish","type":"product","link":"https:\/\/dzshifae.com\/fr\/produit\/%d8%ac%d9%87%d8%a7%d8%b2-%d9%82%d9%8a%d8%a7%d8%b3-%d9%86%d8%b3%d8%a8%d8%a9-%d8%a7%d9%84%d8%a3%d9%83%d8%b3%d8%ac%d9%8a%d9%86-%d9%81%d9%8a-%d8%a7%d9%84%d8%af%d9%85-%d9%84%d9%84%d8%a8%d8%a7%d9%84%d8%ba\/","title":{"rendered":"Oxymetre De Pouls Adulte Ecran Lumineux Marque Starcare"},"content":{"rendered":"<p>L\u2019oxym\u00e8tre de pouls adulte de la marque Starcare est dot\u00e9 d\u2019un \u00e9cran lumineux facile \u00e0 lire, id\u00e9al pour les professionnels de la sant\u00e9. Cet appareil innovant mesure la saturation en oxyg\u00e8ne du sang, permettant ainsi de surveiller efficacement les patients atteints de troubles respiratoires. Compact et l\u00e9ger, cet oxym\u00e8tre est simple \u00e0 utiliser et offre une haute pr\u00e9cision dans ses mesures. Avec sa technologie digitale et son design anti-choc, il garantit des r\u00e9sultats fiables et rapides. Un outil indispensable pour les \u00e9tablissements de sant\u00e9 \u00e0 la recherche d\u2019\u00e9quipements de pointe.<\/p>\n","protected":false},"excerpt":{"rendered":"<p>L\u2019oxym\u00e8tre de pouls adulte de la marque Starcare est dot\u00e9 d\u2019un \u00e9cran lumineux facile \u00e0 lire, id\u00e9al pour les professionnels de la sant\u00e9. Cet appareil innovant mesure la saturation en oxyg\u00e8ne du sang, permettant ainsi de surveiller efficacement les patients atteints de troubles respiratoires. Compact et l\u00e9ger, cet oxym\u00e8tre est simple \u00e0 utiliser et offre [&hellip;]<\/p>\n","protected":false},"featured_media":1225,"comment_status":"open","ping_status":"closed","template":"","meta":[],"product_brand":[],"product_cat":[45],"product_tag":[],"class_list":{"0":"post-1224","1":"product","2":"type-product","3":"status-publish","4":"has-post-thumbnail","6":"product_cat-outillage-de-diagnostic","8":"first","9":"instock","10":"featured","11":"shipping-taxable","12":"purchasable","13":"product-type-simple"},"_links":{"self":[{"href":"https:\/\/dzshifae.com\/fr\/wp-json\/wp\/v2\/product\/1224","targetHints":{"allow":["GET"]}}],"collection":[{"href":"https:\/\/dzshifae.com\/fr\/wp-json\/wp\/v2\/product"}],"about":[{"href":"https:\/\/dzshifae.com\/fr\/wp-json\/wp\/v2\/types\/product"}],"replies":[{"embeddable":true,"href":"https:\/\/dzshifae.com\/fr\/wp-json\/wp\/v2\/comments?post=1224"}],"wp:featuredmedia":[{"embeddable":true,"href":"https:\/\/dzshifae.com\/fr\/wp-json\/wp\/v2\/media\/1225"}],"wp:attachment":[{"href":"https:\/\/dzshifae.com\/fr\/wp-json\/wp\/v2\/media?parent=1224"}],"wp:term":[{"taxonomy":"product_brand","embeddable":true,"href":"https:\/\/dzshifae.com\/fr\/wp-json\/wp\/v2\/product_brand?post=1224"},{"taxonomy":"product_cat","embeddable":true,"href":"https:\/\/dzshifae.com\/fr\/wp-json\/wp\/v2\/product_cat?post=1224"},{"taxonomy":"product_tag","embeddable":true,"href":"https:\/\/dzshifae.com\/fr\/wp-json\/wp\/v2\/product_tag?post=1224"}],"curies":[{"name":"wp","href":"https:\/\/api.w.org\/{rel}","templated":true}]}}