{"id":1217,"date":"2026-03-25T12:49:50","date_gmt":"2026-03-25T12:49:50","guid":{"rendered":"https:\/\/sh.zr-solution.com\/produit\/%d8%ac%d9%87%d8%a7%d8%b2-%d9%82%d9%8a%d8%a7%d8%b3-%d8%b6%d8%ba%d8%b7-%d8%a7%d9%84%d8%af%d9%85-%d8%a7%d9%84%d9%85%d8%b9%d8%af%d9%86%d9%8a-%d9%85%d9%86-%d8%b3%d8%a8%d9%8a%d9%86%d8%ac%d9%84%d8%b1-%d9%84\/"},"modified":"2026-03-25T15:21:11","modified_gmt":"2026-03-25T15:21:11","slug":"%d8%ac%d9%87%d8%a7%d8%b2-%d9%82%d9%8a%d8%a7%d8%b3-%d8%b6%d8%ba%d8%b7-%d8%a7%d9%84%d8%af%d9%85-%d8%a7%d9%84%d9%85%d8%b9%d8%af%d9%86%d9%8a-%d9%85%d9%86-%d8%b3%d8%a8%d9%8a%d9%86%d8%ac%d9%84%d8%b1-%d9%84","status":"publish","type":"product","link":"https:\/\/dzshifae.com\/fr\/produit\/%d8%ac%d9%87%d8%a7%d8%b2-%d9%82%d9%8a%d8%a7%d8%b3-%d8%b6%d8%ba%d8%b7-%d8%a7%d9%84%d8%af%d9%85-%d8%a7%d9%84%d9%85%d8%b9%d8%af%d9%86%d9%8a-%d9%85%d9%86-%d8%b3%d8%a8%d9%8a%d9%86%d8%ac%d9%84%d8%b1-%d9%84\/","title":{"rendered":"Tensiom\u00e8tre Liane Metal Avec Brassard Velcro Nylon Gris Adulte Spengler"},"content":{"rendered":"<p>Le tensiom\u00e8tre professionnel ambidextre Lian M\u00e9tal est un outil pratique et fonctionnel, id\u00e9al pour les professionnels de sant\u00e9. Son grand cadran rotatif \u00e0 180\u00b0 permet une utilisation ais\u00e9e pour les praticiens droitiers et gauchers en un clin d\u2019\u0153il. Facile \u00e0 prendre en main, ce tensiom\u00e8tre avec brassard velcro en nylon gris adulte de la marque Spengler garantit des mesures pr\u00e9cises et fiables. Adoptez d\u00e8s maintenant un appareil de qualit\u00e9 pour des consultations m\u00e9dicales optimales.<\/p>\n","protected":false},"excerpt":{"rendered":"<p>Le tensiom\u00e8tre professionnel ambidextre Lian M\u00e9tal est un outil pratique et fonctionnel, id\u00e9al pour les professionnels de sant\u00e9. Son grand cadran rotatif \u00e0 180\u00b0 permet une utilisation ais\u00e9e pour les praticiens droitiers et gauchers en un clin d\u2019\u0153il. Facile \u00e0 prendre en main, ce tensiom\u00e8tre avec brassard velcro en nylon gris adulte de la marque [&hellip;]<\/p>\n","protected":false},"featured_media":1218,"comment_status":"open","ping_status":"closed","template":"","meta":[],"product_brand":[],"product_cat":[45],"product_tag":[],"class_list":{"0":"post-1217","1":"product","2":"type-product","3":"status-publish","4":"has-post-thumbnail","6":"product_cat-outillage-de-diagnostic","8":"first","9":"instock","10":"shipping-taxable","11":"purchasable","12":"product-type-simple"},"_links":{"self":[{"href":"https:\/\/dzshifae.com\/fr\/wp-json\/wp\/v2\/product\/1217","targetHints":{"allow":["GET"]}}],"collection":[{"href":"https:\/\/dzshifae.com\/fr\/wp-json\/wp\/v2\/product"}],"about":[{"href":"https:\/\/dzshifae.com\/fr\/wp-json\/wp\/v2\/types\/product"}],"replies":[{"embeddable":true,"href":"https:\/\/dzshifae.com\/fr\/wp-json\/wp\/v2\/comments?post=1217"}],"wp:featuredmedia":[{"embeddable":true,"href":"https:\/\/dzshifae.com\/fr\/wp-json\/wp\/v2\/media\/1218"}],"wp:attachment":[{"href":"https:\/\/dzshifae.com\/fr\/wp-json\/wp\/v2\/media?parent=1217"}],"wp:term":[{"taxonomy":"product_brand","embeddable":true,"href":"https:\/\/dzshifae.com\/fr\/wp-json\/wp\/v2\/product_brand?post=1217"},{"taxonomy":"product_cat","embeddable":true,"href":"https:\/\/dzshifae.com\/fr\/wp-json\/wp\/v2\/product_cat?post=1217"},{"taxonomy":"product_tag","embeddable":true,"href":"https:\/\/dzshifae.com\/fr\/wp-json\/wp\/v2\/product_tag?post=1217"}],"curies":[{"name":"wp","href":"https:\/\/api.w.org\/{rel}","templated":true}]}}