{"id":824,"date":"2026-02-15T16:33:19","date_gmt":"2026-02-15T16:33:19","guid":{"rendered":"https:\/\/sh.zr-solution.com\/mon-compte\/"},"modified":"2026-03-04T10:17:10","modified_gmt":"2026-03-04T10:17:10","slug":"mon-compte","status":"publish","type":"page","link":"https:\/\/dzshifae.com\/fr\/mon-compte\/","title":{"rendered":"Mon compte"},"content":{"rendered":"<div class=\"woocommerce\">\n<div class=\"jet-woo-builder-woocommerce-myaccount-login-page\">\n\n\t<div class=\"woocommerce-notices-wrapper\"><\/div>\n\t<div id=\"customer_login\">\n\t\t\t\t<div data-elementor-type=\"jet-woo-builder-myaccount\" data-elementor-id=\"1136\" class=\"elementor elementor-1136 elementor-1106\">\n\t\t\t\t<div class=\"elementor-element elementor-element-05e5884 pad-tb-s e-flex e-con-boxed e-con e-parent\" data-id=\"05e5884\" data-element_type=\"container\" data-e-type=\"container\" data-settings=\"{&quot;jet_parallax_layout_list&quot;:[]}\">\n\t\t\t\t\t<div class=\"e-con-inner\">\n\t\t\t\t<div class=\"elementor-element elementor-element-2e057fb elementor-widget elementor-widget-jet-switcher\" data-id=\"2e057fb\" data-element_type=\"widget\" data-e-type=\"widget\" data-widget_type=\"jet-switcher.default\">\n\t\t\t\t<div class=\"elementor-widget-container\">\n\t\t\t\t\t<div class=\"jet-switcher jet-switcher--preset-1 jet-switcher-move-up-effect jet-switcher--disable\" data-settings=\"{&quot;effect&quot;:&quot;move-up&quot;}\">\n\t\t\t<div class=\"jet-switcher__control-wrapper\"><div class=\"jet-switcher__control-instance\">\n\t<div class=\"jet-switcher__control-handler\"><span><\/span><\/div>\n\t<div class=\"jet-switcher__control jet-switcher__control--disable\" role=\"button\" tabindex=\"0\" aria-controls=\"jet-switcher-content-disable-2e057fb\" aria-expanded=\"true\" aria-label=\"Se connecter\"><div class=\"jet-switcher__label-text\">Se connecter<\/div><\/div>\n\t<div class=\"jet-switcher__control jet-switcher__control--enable\" role=\"button\" tabindex=\"0\" aria-controls=\"jet-switcher-content-enable-2e057fb\" aria-expanded=\"false\" aria-label=\"Cr\u00e9er Compte\"><div class=\"jet-switcher__label-text\">Cr\u00e9er Compte<\/div><\/div>\n<\/div>\n\n<\/div>\n\t\t\t<div class=\"jet-switcher__content-wrapper\"><div id=\"jet-switcher-content-disable-2e057fb\" class=\"jet-switcher__content jet-switcher__content--disable active-content\" aria-hidden=\"false\">\t\t<div data-elementor-type=\"page\" data-elementor-id=\"1128\" class=\"elementor elementor-1128 elementor-1117 elementor-1117\">\n\t\t\t\t<div class=\"elementor-element elementor-element-393c338 e-flex e-con-boxed e-con e-parent\" data-id=\"393c338\" data-element_type=\"container\" data-e-type=\"container\" data-settings=\"{&quot;jet_parallax_layout_list&quot;:[]}\">\n\t\t\t\t\t<div class=\"e-con-inner\">\n\t\t\t\t<div class=\"elementor-element elementor-element-7fdba3c elementor-widget elementor-widget-jet-myaccount-login-form\" data-id=\"7fdba3c\" data-element_type=\"widget\" data-e-type=\"widget\" data-widget_type=\"jet-myaccount-login-form.default\">\n\t\t\t\t<div class=\"elementor-widget-container\">\n\t\t\t\t\t<div class=\"elementor-jet-myaccount-login-form jet-woo-builder\">\n<h2>Se connecter<\/h2>\n\n<form class=\"woocommerce-form woocommerce-form-login login\" method=\"post\" novalidate>\n\n\t\n\t<p class=\"woocommerce-form-row woocommerce-form-row--wide form-row form-row-wide\">\n\t\t<label for=\"username\">Identifiant ou e-mail&nbsp;<span class=\"required\">*<\/span><\/label>\n\t\t<input type=\"text\" class=\"woocommerce-Input woocommerce-Input--text input-text\" name=\"username\" id=\"username\" autocomplete=\"username\" value=\"\" \/>\t<\/p>\n\t<p class=\"woocommerce-form-row woocommerce-form-row--wide form-row form-row-wide\">\n\t\t<label for=\"password\">Mot de passe&nbsp;<span class=\"required\">*<\/span><\/label>\n\t\t<input class=\"woocommerce-Input woocommerce-Input--text input-text\" type=\"password\" name=\"password\" id=\"password\" autocomplete=\"current-password\" \/>\n\t<\/p>\n\n\t\n\t<p class=\"form-row\">\n\t\t<label class=\"woocommerce-form__label woocommerce-form__label-for-checkbox woocommerce-form-login__rememberme\">\n\t\t\t<input class=\"woocommerce-form__input woocommerce-form__input-checkbox\" name=\"rememberme\" type=\"checkbox\" id=\"rememberme\" value=\"forever\" \/> <span>Se souvenir de moi<\/span>\n\t\t<\/label>\n\t\t<input type=\"hidden\" id=\"woocommerce-login-nonce\" name=\"woocommerce-login-nonce\" value=\"0dff466cc7\" \/><input type=\"hidden\" name=\"_wp_http_referer\" value=\"\/fr\/wp-json\/wp\/v2\/pages\/824\" \/>\t\t<button type=\"submit\" class=\"woocommerce-button button woocommerce-form-login__submit \" name=\"login\" value=\"Se connecter\">Se connecter<\/button>\n\t<\/p>\n\t<p class=\"woocommerce-LostPassword lost_password\">\n\t\t<a href=\"https:\/\/dzshifae.com\/fr\/mon-compte\/lost-password\/\">Mot de passe perdu\u00a0?<\/a>\n\t<\/p>\n\n\t\n<\/form><\/div>\t\t\t\t<\/div>\n\t\t\t\t<\/div>\n\t\t\t\t\t<\/div>\n\t\t\t\t<\/div>\n\t\t\t\t<\/div>\n\t\t<\/div><div id=\"jet-switcher-content-enable-2e057fb\" class=\"jet-switcher__content jet-switcher__content--enable \" aria-hidden=\"true\">\t\t<div data-elementor-type=\"page\" data-elementor-id=\"1131\" class=\"elementor elementor-1131 elementor-1120 elementor-1120\">\n\t\t\t\t<div class=\"elementor-element elementor-element-3def5ae e-flex e-con-boxed e-con e-parent\" data-id=\"3def5ae\" data-element_type=\"container\" data-e-type=\"container\" data-settings=\"{&quot;jet_parallax_layout_list&quot;:[]}\">\n\t\t\t\t\t<div class=\"e-con-inner\">\n\t\t\t\t<div class=\"elementor-element elementor-element-ff3b39e elementor-widget elementor-widget-jet-myaccount-registration-form\" data-id=\"ff3b39e\" data-element_type=\"widget\" data-e-type=\"widget\" data-widget_type=\"jet-myaccount-registration-form.default\">\n\t\t\t\t<div class=\"elementor-widget-container\">\n\t\t\t\t\t<div class=\"elementor-jet-myaccount-registration-form jet-woo-builder\">\n<h2>S\u2019inscrire<\/h2>\n\n<form method=\"post\" class=\"woocommerce-form woocommerce-form-register register\"  >\n\n\t\n\t\n\t<p class=\"woocommerce-form-row woocommerce-form-row--wide form-row form-row-wide\">\n\t\t<label for=\"reg_email\">Adresse e-mail&nbsp;<span class=\"required\">*<\/span><\/label>\n\t\t<input type=\"email\" class=\"woocommerce-Input woocommerce-Input--text input-text\" name=\"email\" id=\"reg_email\" autocomplete=\"email\" value=\"\" \/>\t<\/p>\n\n\t\n\t\t<p>Un lien permettant de d\u00e9finir un nouveau mot de passe sera envoy\u00e9 \u00e0 votre adresse e-mail.<\/p>\n\n\t\n\t<wc-order-attribution-inputs><\/wc-order-attribution-inputs><div class=\"woocommerce-privacy-policy-text\"><p>Vos donn\u00e9es personnelles seront utilis\u00e9es pour vous accompagner au cours de votre visite du site web, g\u00e9rer l\u2019acc\u00e8s \u00e0 votre compte, et pour d\u2019autres raisons d\u00e9crites dans notre <a href=\"https:\/\/dzshifae.com\/?page_id=3\" class=\"woocommerce-privacy-policy-link\" target=\"_blank\">politique de confidentialit\u00e9<\/a>.<\/p>\n<\/div>\n\t<p class=\"woocommerce-form-row form-row\">\n\t\t<input type=\"hidden\" id=\"woocommerce-register-nonce\" name=\"woocommerce-register-nonce\" value=\"50a658b99a\" \/><input type=\"hidden\" name=\"_wp_http_referer\" value=\"\/fr\/wp-json\/wp\/v2\/pages\/824\" \/>\t\t<button type=\"submit\" class=\"woocommerce-Button woocommerce-button button woocommerce-form-register__submit \" name=\"register\" value=\"S\u2019inscrire\">S\u2019inscrire<\/button>\n\t<\/p>\n\n\t\n<\/form><\/div>\t\t\t\t<\/div>\n\t\t\t\t<\/div>\n\t\t\t\t\t<\/div>\n\t\t\t\t<\/div>\n\t\t\t\t<\/div>\n\t\t<\/div><\/div>\n\t\t<\/div>\n\t\t\t\t\t\t<\/div>\n\t\t\t\t<\/div>\n\t\t\t\t\t<\/div>\n\t\t\t\t<\/div>\n\t\t\t\t<\/div>\n\t\t\t<\/div>\n\n\t\n<\/div>\n\n<\/div>\n","protected":false},"excerpt":{"rendered":"","protected":false},"author":1,"featured_media":0,"parent":0,"menu_order":0,"comment_status":"closed","ping_status":"closed","template":"","meta":{"footnotes":""},"class_list":["post-824","page","type-page","status-publish","hentry"],"_links":{"self":[{"href":"https:\/\/dzshifae.com\/fr\/wp-json\/wp\/v2\/pages\/824","targetHints":{"allow":["GET"]}}],"collection":[{"href":"https:\/\/dzshifae.com\/fr\/wp-json\/wp\/v2\/pages"}],"about":[{"href":"https:\/\/dzshifae.com\/fr\/wp-json\/wp\/v2\/types\/page"}],"author":[{"embeddable":true,"href":"https:\/\/dzshifae.com\/fr\/wp-json\/wp\/v2\/users\/1"}],"replies":[{"embeddable":true,"href":"https:\/\/dzshifae.com\/fr\/wp-json\/wp\/v2\/comments?post=824"}],"version-history":[{"count":0,"href":"https:\/\/dzshifae.com\/fr\/wp-json\/wp\/v2\/pages\/824\/revisions"}],"wp:attachment":[{"href":"https:\/\/dzshifae.com\/fr\/wp-json\/wp\/v2\/media?parent=824"}],"curies":[{"name":"wp","href":"https:\/\/api.w.org\/{rel}","templated":true}]}}